{"id":2169,"date":"2018-01-02T19:19:00","date_gmt":"2018-01-02T18:19:00","guid":{"rendered":"http:\/\/localhost\/home-trevi2\/le-regole-della-casa\/"},"modified":"2019-09-24T09:26:39","modified_gmt":"2019-09-24T07:26:39","slug":"le-regole-della-casa","status":"publish","type":"page","link":"https:\/\/www.hometrevi.com\/it\/le-regole-della-casa\/","title":{"rendered":"Le regole della casa"},"content":{"rendered":"<p>[vc_row][vc_column][vc_empty_space height=&#8221;50px&#8221;][vc_tta_accordion][vc_tta_section title=&#8221;IN GENERALE&#8221; tab_id=&#8221;1552383493371-c0e76f1e-4162&#8243;][vc_column_text]<\/p>\n<p style=\"text-align: left;\">E\u2019 VIETATO FUMARE.<br \/>\nE\u2019 VIETATO ORGANIZZARE FESTE O EVENTI.<br \/>\nGLI ANIMALI NON SONO AMMESSI.<br \/>\nE\u2019 VIETATO IL SOGGIORNO AD UN NUMERO DI PERSONE SUPERIORE ALLA CAPIENZA DELL\u2019APPARTAMENTO ED A QUELLE PRENOTATE.<br \/>\nCHECK IN DALLE ORE 14.00 . CHECK OUT ENTRO LE ORE 11.00.<\/p>\n<p>Eventuali variazioni vanno preventivamente concordate tramite email e potranno essere assoggettate a pagamento.[\/vc_column_text][\/vc_tta_section][vc_tta_section title=&#8221;PER PRENOTARE&#8221; tab_id=&#8221;1552383493386-16061917-2c54&#8243;][vc_column_text]Per la conferma ed a garanzia della prenotazione sar\u00e0 richiesta la carta di credito con i dati del suo titolare. Verr\u00e0 effettuato l\u2019addebito del 30% sul totale del soggiorno e verr\u00e0 data conferma via E-mail della prenotazione.[\/vc_column_text][\/vc_tta_section][vc_tta_section title=&#8221;POLITICA DI CANCELLAZIONE&#8221; tab_id=&#8221;1552383527719-7411e0e0-3055&#8243;][vc_column_text]E\u2019 previsto il Rimborso TOTALE della Caparra SOLO se la Cancellazione \u00e8 effettuata 30 giorni PRIMA della data di arrivo.<\/p>\n<p>Rimborso del 25% della caparra se la cancellazione \u00e8 effettuata 15 giorni prima della data di arrivo.<\/p>\n<p>Rimborso del 10% della caparra se la cancellazione \u00e8 effettuata 7 giorni prima della data di arrivo.<\/p>\n<p>Dopo i 7 giorni prima della data di arrivo la caparra NON sar\u00e0 rimborsata.<br \/>\nIn caso di cancellazione per motivi di salute o grave impedimento personale sar\u00e0 possibile spostare la prenotazione nei sei mesi successivi utilizzando la caparra versata, previa verifica della disponibilit\u00e0 dell\u2019appartamento.<br \/>\nNon effettuiamo rimborsi su carte di credito.Per ottenere il rimborso dovr\u00e0 esserci fornito il codice IBAN, con i relativi dati del conto corrente bancario come previsto per legge e saranno addebitate le spese bancarie sostenute per il rimborso.<br \/>\nIl soggiorno minimo consentito \u00e8 di 2 giorni. Il saldo del soggiorno dovr\u00e0 essere pagato al momento dell&#8217;arrivo. Ricordiamo che ad esso va AGGIUNTA la TASSA DI SOGGIORNO del Comune di Roma, che \u00e8 3,50 euro a persona per notte per un massimo di 10 giorni, sono esentati dal pagamento della tassa di soggiorno i bambini da 0 anni a 10 anni compiuti.[\/vc_column_text][\/vc_tta_section][vc_tta_section title=&#8221;IL GIORNO DELL\u2019ARRIVO&#8221; tab_id=&#8221;1552384765264-16d2b5e2-63ca&#8221;][vc_column_text]Al momento dell&#8217;arrivo sar\u00e0 effettuata la registrazione obbligatoria sul sito della POLIZIA, dovranno a tale scopo essere forniti i documenti di identit\u00e0; vi sar\u00e0 consegnata una copia pi\u00f9 dettagliata delle regole della casa, che dovr\u00e0 essere firmata dal capo famiglia, il quale sar\u00e0 responsabile degli altri occupanti dell&#8217;appartamento.[\/vc_column_text][\/vc_tta_section][\/vc_tta_accordion][vc_empty_space][\/vc_column][\/vc_row][vc_row css=&#8221;.vc_custom_1565343602691{padding-right: 7px !important;padding-left: 7px !important;}&#8221;][vc_column width=&#8221;1\/2&#8243; css=&#8221;.vc_custom_1565343617588{padding-right: 7px !important;padding-left: 7px !important;}&#8221;]\n<div class=\"wpcf7 no-js\" id=\"wpcf7-f2942-o1\" lang=\"en-US\" dir=\"ltr\" data-wpcf7-id=\"2942\">\n<div class=\"screen-reader-response\"><p role=\"status\" aria-live=\"polite\" aria-atomic=\"true\"><\/p> <ul><\/ul><\/div>\n<form action=\"\/it\/wp-json\/wp\/v2\/pages\/2169\/#wpcf7-f2942-o1\" method=\"post\" class=\"wpcf7-form init\" aria-label=\"Modulo di contatto\" novalidate=\"novalidate\" data-status=\"init\">\n<div style=\"display: none;\">\n<input type=\"hidden\" name=\"_wpcf7\" value=\"2942\" \/>\n<input type=\"hidden\" name=\"_wpcf7_version\" value=\"6.0.4\" \/>\n<input type=\"hidden\" name=\"_wpcf7_locale\" value=\"en_US\" \/>\n<input type=\"hidden\" name=\"_wpcf7_unit_tag\" value=\"wpcf7-f2942-o1\" \/>\n<input type=\"hidden\" name=\"_wpcf7_container_post\" value=\"0\" \/>\n<input type=\"hidden\" name=\"_wpcf7_posted_data_hash\" value=\"\" \/>\n<\/div>\n<div class=\"fleurdesel-contact\">\n\t<div class=\"row\">\n\t\t<div class=\"col-md-6\">\n\t\t\t<div class=\"text-uppercase font-700 letter-spacing-3 mb-15 fz-14\">\n\t\t\t\t<p>Nome <span class=\"error\">*<\/span>\n\t\t\t\t<\/p>\n\t\t\t<\/div>\n\t\t\t<div class=\"mb-30\">\n\t\t\t\t<p><span class=\"wpcf7-form-control-wrap\" data-name=\"your-name\"><input size=\"40\" maxlength=\"400\" class=\"wpcf7-form-control wpcf7-text wpcf7-validates-as-required\" aria-required=\"true\" aria-invalid=\"false\" value=\"\" type=\"text\" name=\"your-name\" \/><\/span>\n\t\t\t\t<\/p>\n\t\t\t<\/div>\n\t\t<\/div>\n\t\t<div class=\"col-md-6\">\n\t\t\t<div class=\"text-uppercase font-700 letter-spacing-3 mb-15 fz-14\">\n\t\t\t\t<p>Email <span class=\"error\">*<\/span>\n\t\t\t\t<\/p>\n\t\t\t<\/div>\n\t\t\t<div class=\"mb-30\">\n\t\t\t\t<p><span class=\"wpcf7-form-control-wrap\" data-name=\"your-email\"><input size=\"40\" maxlength=\"400\" class=\"wpcf7-form-control wpcf7-email wpcf7-validates-as-required wpcf7-text wpcf7-validates-as-email\" aria-required=\"true\" aria-invalid=\"false\" value=\"\" type=\"email\" name=\"your-email\" \/><\/span>\n\t\t\t\t<\/p>\n\t\t\t<\/div>\n\t\t<\/div>\n\t<\/div>\n\t<div class=\"row\">\n\t\t<div class=\"col-md-6\">\n\t\t\t<div class=\"text-uppercase font-700 letter-spacing-3 mb-15 fz-14\">\n\t\t\t\t<p>Telefono <span class=\"error\">*<\/span>\n\t\t\t\t<\/p>\n\t\t\t<\/div>\n\t\t\t<div class=\"mb-30\">\n\t\t\t\t<p><span class=\"wpcf7-form-control-wrap\" data-name=\"your-phone\"><input class=\"wpcf7-form-control wpcf7-number wpcf7-validates-as-required wpcf7-validates-as-number\" aria-required=\"true\" aria-invalid=\"false\" value=\"\" type=\"number\" name=\"your-phone\" \/><\/span>\n\t\t\t\t<\/p>\n\t\t\t<\/div>\n\t\t<\/div>\n\t\t<div class=\"col-md-6\">\n\t\t\t<div class=\"text-uppercase font-700 letter-spacing-3 mb-15 fz-14\">\n\t\t\t\t<p>Soggetto <span class=\"error\">*<\/span>\n\t\t\t\t<\/p>\n\t\t\t<\/div>\n\t\t\t<div class=\"mb-30\">\n\t\t\t\t<p><span class=\"wpcf7-form-control-wrap\" data-name=\"your-subject\"><input size=\"40\" maxlength=\"400\" class=\"wpcf7-form-control wpcf7-text wpcf7-validates-as-required\" aria-required=\"true\" aria-invalid=\"false\" value=\"\" type=\"text\" name=\"your-subject\" \/><\/span>\n\t\t\t\t<\/p>\n\t\t\t<\/div>\n\t\t<\/div>\n\t<\/div>\n\t<div class=\"row\">\n\t\t<div class=\"col-md-6\">\n\t\t\t<div class=\"text-uppercase font-700 letter-spacing-3 mb-15 fz-14\">\n\t\t\t\t<p>Numero adulti <span class=\"error\">*<\/span>\n\t\t\t\t<\/p>\n\t\t\t<\/div>\n\t\t\t<div class=\"mb-30\">\n\t\t\t\t<p><span class=\"wpcf7-form-control-wrap\" data-name=\"Number-of-Adult\"><input class=\"wpcf7-form-control wpcf7-number wpcf7-validates-as-required wpcf7-validates-as-number\" aria-required=\"true\" aria-invalid=\"false\" value=\"\" type=\"number\" name=\"Number-of-Adult\" \/><\/span>\n\t\t\t\t<\/p>\n\t\t\t<\/div>\n\t\t<\/div>\n\t\t<div class=\"col-md-6\">\n\t\t\t<div class=\"text-uppercase font-700 letter-spacing-3 mb-15 fz-14\">\n\t\t\t\t<p>Bambini <span class=\"error\">*<\/span>\n\t\t\t\t<\/p>\n\t\t\t<\/div>\n\t\t\t<div class=\"mb-30\">\n\t\t\t\t<p><span class=\"wpcf7-form-control-wrap\" data-name=\"Number-of-child\"><input class=\"wpcf7-form-control wpcf7-number wpcf7-validates-as-required wpcf7-validates-as-number\" aria-required=\"true\" aria-invalid=\"false\" value=\"\" type=\"number\" name=\"Number-of-child\" \/><\/span>\n\t\t\t\t<\/p>\n\t\t\t<\/div>\n\t\t<\/div>\n\t<\/div>\n\t<div class=\"row\">\n\t\t<div class=\"col-md-6\">\n\t\t\t<div class=\"text-uppercase font-700 letter-spacing-3 mb-15 fz-14\">\n\t\t\t\t<p>Periodo da <span class=\"error\">*<\/span>\n\t\t\t\t<\/p>\n\t\t\t<\/div>\n\t\t\t<div class=\"mb-30\">\n\t\t\t\t<p><span class=\"wpcf7-form-control-wrap\" data-name=\"date-84\"><input class=\"wpcf7-form-control wpcf7-date wpcf7-validates-as-date\" aria-invalid=\"false\" value=\"\" type=\"date\" name=\"date-84\" \/><\/span>\n\t\t\t\t<\/p>\n\t\t\t<\/div>\n\t\t<\/div>\n\t\t<div class=\"col-md-6\">\n\t\t\t<div class=\"text-uppercase font-700 letter-spacing-3 mb-15 fz-14\">\n\t\t\t\t<p>A <span class=\"error\">*<\/span>\n\t\t\t\t<\/p>\n\t\t\t<\/div>\n\t\t\t<div class=\"mb-30\">\n\t\t\t\t<p><span class=\"wpcf7-form-control-wrap\" data-name=\"date-703\"><input class=\"wpcf7-form-control wpcf7-date wpcf7-validates-as-date\" aria-invalid=\"false\" value=\"\" type=\"date\" name=\"date-703\" \/><\/span>\n\t\t\t\t<\/p>\n\t\t\t<\/div>\n\t\t<\/div>\n\t<\/div>\n\t<div class=\"row\">\n\t\t<div class=\"col-md-12\">\n\t\t\t<div class=\"text-uppercase font-700 letter-spacing-3 mb-15 fz-14\">\n\t\t\t\t<p>Messaggio <span class=\"error\">*<\/span>\n\t\t\t\t<\/p>\n\t\t\t<\/div>\n\t\t\t<div class=\"mb-50\">\n\t\t\t\t<p><span class=\"wpcf7-form-control-wrap\" data-name=\"your-message\"><textarea cols=\"40\" rows=\"4\" maxlength=\"2000\" class=\"wpcf7-form-control wpcf7-textarea wpcf7-validates-as-required\" aria-required=\"true\" aria-invalid=\"false\" name=\"your-message\"><\/textarea><\/span>\n\t\t\t\t<\/p>\n\t\t\t<\/div>\n\t\t<\/div>\n\t<\/div>\n\t<div class=\"row\">\n\t\t<div class=\"col-md-12\">\n\t\t\t<div class=\"mb-0\">\n\t\t\t\t<p><input class=\"wpcf7-form-control wpcf7-submit has-spinner btn btn-view btn-primary text-uppercase fz-14 font-700 btn-w185\" type=\"submit\" value=\"Submit\" \/>\n\t\t\t\t<\/p>\n\t\t\t<\/div>\n\t\t<\/div>\n\t<\/div>\n<\/div><div class=\"wpcf7-response-output\" aria-hidden=\"true\"><\/div>\n<\/form>\n<\/div>\n[\/vc_column][vc_column width=&#8221;1\/2&#8243; css=&#8221;.vc_custom_1565343675604{padding-right: 7px !important;padding-left: 7px !important;}&#8221;][vc_single_image image=&#8221;3062&#8243; img_size=&#8221;full&#8221; alignment=&#8221;center&#8221;][vc_column_text][\/vc_column_text][\/vc_column][\/vc_row][vc_row][vc_column][vc_empty_space height=&#8221;50px&#8221;][\/vc_column][\/vc_row]<\/p>\n","protected":false},"excerpt":{"rendered":"<p>[vc_row][vc_column][vc_empty_space height=&#8221;50px&#8221;][vc_tta_accordion][vc_tta_section title=&#8221;IN GENERALE&#8221; tab_id=&#8221;1552383493371-c0e76f1e-4162&#8243;][vc_column_text] E\u2019 VIETATO FUMARE. E\u2019 VIETATO ORGANIZZARE FESTE O EVENTI. GLI ANIMALI NON SONO AMMESSI. E\u2019 VIETATO IL SOGGIORNO AD UN NUMERO DI PERSONE SUPERIORE ALLA CAPIENZA DELL\u2019APPARTAMENTO ED A QUELLE PRENOTATE. CHECK IN DALLE ORE 14.00 . CHECK OUT ENTRO LE ORE 11.00. Eventuali variazioni vanno preventivamente concordate tramite email [&hellip;]<\/p>\n","protected":false},"author":1,"featured_media":0,"parent":0,"menu_order":0,"comment_status":"closed","ping_status":"closed","template":"templates\/page-builder.php","meta":{"footnotes":""},"class_list":["post-2169","page","type-page","status-publish","hentry"],"yoast_head":"<!-- This site is optimized with the Yoast SEO plugin v24.4 - https:\/\/yoast.com\/wordpress\/plugins\/seo\/ -->\n<title>Le regole della casa - home-trevi<\/title>\n<meta name=\"robots\" content=\"index, follow, max-snippet:-1, max-image-preview:large, max-video-preview:-1\" \/>\n<link rel=\"canonical\" href=\"https:\/\/www.hometrevi.com\/it\/le-regole-della-casa\/\" \/>\n<meta property=\"og:locale\" content=\"it_IT\" \/>\n<meta property=\"og:type\" content=\"article\" \/>\n<meta property=\"og:title\" content=\"Le regole della casa - home-trevi\" \/>\n<meta property=\"og:description\" content=\"[vc_row][vc_column][vc_empty_space height=&#8221;50px&#8221;][vc_tta_accordion][vc_tta_section title=&#8221;IN GENERALE&#8221; tab_id=&#8221;1552383493371-c0e76f1e-4162&#8243;][vc_column_text] E\u2019 VIETATO FUMARE. E\u2019 VIETATO ORGANIZZARE FESTE O EVENTI. GLI ANIMALI NON SONO AMMESSI. E\u2019 VIETATO IL SOGGIORNO AD UN NUMERO DI PERSONE SUPERIORE ALLA CAPIENZA DELL\u2019APPARTAMENTO ED A QUELLE PRENOTATE. CHECK IN DALLE ORE 14.00 . CHECK OUT ENTRO LE ORE 11.00. Eventuali variazioni vanno preventivamente concordate tramite email [&hellip;]\" \/>\n<meta property=\"og:url\" content=\"https:\/\/www.hometrevi.com\/it\/le-regole-della-casa\/\" \/>\n<meta property=\"og:site_name\" content=\"home-trevi\" \/>\n<meta property=\"article:modified_time\" content=\"2019-09-24T07:26:39+00:00\" \/>\n<meta name=\"twitter:card\" content=\"summary_large_image\" \/>\n<meta name=\"twitter:label1\" content=\"Tempo di lettura stimato\" \/>\n\t<meta name=\"twitter:data1\" content=\"3 minuti\" \/>\n<script type=\"application\/ld+json\" class=\"yoast-schema-graph\">{\"@context\":\"https:\/\/schema.org\",\"@graph\":[{\"@type\":\"WebPage\",\"@id\":\"https:\/\/www.hometrevi.com\/it\/le-regole-della-casa\/\",\"url\":\"https:\/\/www.hometrevi.com\/it\/le-regole-della-casa\/\",\"name\":\"Le regole della casa - home-trevi\",\"isPartOf\":{\"@id\":\"https:\/\/www.hometrevi.com\/en\/#website\"},\"datePublished\":\"2018-01-02T18:19:00+00:00\",\"dateModified\":\"2019-09-24T07:26:39+00:00\",\"breadcrumb\":{\"@id\":\"https:\/\/www.hometrevi.com\/it\/le-regole-della-casa\/#breadcrumb\"},\"inLanguage\":\"it-IT\",\"potentialAction\":[{\"@type\":\"ReadAction\",\"target\":[\"https:\/\/www.hometrevi.com\/it\/le-regole-della-casa\/\"]}]},{\"@type\":\"BreadcrumbList\",\"@id\":\"https:\/\/www.hometrevi.com\/it\/le-regole-della-casa\/#breadcrumb\",\"itemListElement\":[{\"@type\":\"ListItem\",\"position\":1,\"name\":\"Home\",\"item\":\"https:\/\/www.hometrevi.com\/it\/\"},{\"@type\":\"ListItem\",\"position\":2,\"name\":\"Le regole della casa\"}]},{\"@type\":\"WebSite\",\"@id\":\"https:\/\/www.hometrevi.com\/en\/#website\",\"url\":\"https:\/\/www.hometrevi.com\/en\/\",\"name\":\"home-trevi\",\"description\":\"Casa Vacanze Home Trevi\",\"potentialAction\":[{\"@type\":\"SearchAction\",\"target\":{\"@type\":\"EntryPoint\",\"urlTemplate\":\"https:\/\/www.hometrevi.com\/en\/?s={search_term_string}\"},\"query-input\":{\"@type\":\"PropertyValueSpecification\",\"valueRequired\":true,\"valueName\":\"search_term_string\"}}],\"inLanguage\":\"it-IT\"}]}<\/script>\n<!-- \/ Yoast SEO plugin. -->","yoast_head_json":{"title":"Le regole della casa - home-trevi","robots":{"index":"index","follow":"follow","max-snippet":"max-snippet:-1","max-image-preview":"max-image-preview:large","max-video-preview":"max-video-preview:-1"},"canonical":"https:\/\/www.hometrevi.com\/it\/le-regole-della-casa\/","og_locale":"it_IT","og_type":"article","og_title":"Le regole della casa - home-trevi","og_description":"[vc_row][vc_column][vc_empty_space height=&#8221;50px&#8221;][vc_tta_accordion][vc_tta_section title=&#8221;IN GENERALE&#8221; tab_id=&#8221;1552383493371-c0e76f1e-4162&#8243;][vc_column_text] E\u2019 VIETATO FUMARE. E\u2019 VIETATO ORGANIZZARE FESTE O EVENTI. GLI ANIMALI NON SONO AMMESSI. E\u2019 VIETATO IL SOGGIORNO AD UN NUMERO DI PERSONE SUPERIORE ALLA CAPIENZA DELL\u2019APPARTAMENTO ED A QUELLE PRENOTATE. CHECK IN DALLE ORE 14.00 . CHECK OUT ENTRO LE ORE 11.00. Eventuali variazioni vanno preventivamente concordate tramite email [&hellip;]","og_url":"https:\/\/www.hometrevi.com\/it\/le-regole-della-casa\/","og_site_name":"home-trevi","article_modified_time":"2019-09-24T07:26:39+00:00","twitter_card":"summary_large_image","twitter_misc":{"Tempo di lettura stimato":"3 minuti"},"schema":{"@context":"https:\/\/schema.org","@graph":[{"@type":"WebPage","@id":"https:\/\/www.hometrevi.com\/it\/le-regole-della-casa\/","url":"https:\/\/www.hometrevi.com\/it\/le-regole-della-casa\/","name":"Le regole della casa - home-trevi","isPartOf":{"@id":"https:\/\/www.hometrevi.com\/en\/#website"},"datePublished":"2018-01-02T18:19:00+00:00","dateModified":"2019-09-24T07:26:39+00:00","breadcrumb":{"@id":"https:\/\/www.hometrevi.com\/it\/le-regole-della-casa\/#breadcrumb"},"inLanguage":"it-IT","potentialAction":[{"@type":"ReadAction","target":["https:\/\/www.hometrevi.com\/it\/le-regole-della-casa\/"]}]},{"@type":"BreadcrumbList","@id":"https:\/\/www.hometrevi.com\/it\/le-regole-della-casa\/#breadcrumb","itemListElement":[{"@type":"ListItem","position":1,"name":"Home","item":"https:\/\/www.hometrevi.com\/it\/"},{"@type":"ListItem","position":2,"name":"Le regole della casa"}]},{"@type":"WebSite","@id":"https:\/\/www.hometrevi.com\/en\/#website","url":"https:\/\/www.hometrevi.com\/en\/","name":"home-trevi","description":"Casa Vacanze Home Trevi","potentialAction":[{"@type":"SearchAction","target":{"@type":"EntryPoint","urlTemplate":"https:\/\/www.hometrevi.com\/en\/?s={search_term_string}"},"query-input":{"@type":"PropertyValueSpecification","valueRequired":true,"valueName":"search_term_string"}}],"inLanguage":"it-IT"}]}},"_links":{"self":[{"href":"https:\/\/www.hometrevi.com\/it\/wp-json\/wp\/v2\/pages\/2169\/"}],"collection":[{"href":"https:\/\/www.hometrevi.com\/it\/wp-json\/wp\/v2\/pages\/"}],"about":[{"href":"https:\/\/www.hometrevi.com\/it\/wp-json\/wp\/v2\/types\/page\/"}],"author":[{"embeddable":true,"href":"https:\/\/www.hometrevi.com\/it\/wp-json\/wp\/v2\/users\/1\/"}],"replies":[{"embeddable":true,"href":"https:\/\/www.hometrevi.com\/it\/wp-json\/wp\/v2\/comments\/?post=2169"}],"version-history":[{"count":4,"href":"https:\/\/www.hometrevi.com\/it\/wp-json\/wp\/v2\/pages\/2169\/revisions\/"}],"predecessor-version":[{"id":3340,"href":"https:\/\/www.hometrevi.com\/it\/wp-json\/wp\/v2\/pages\/2169\/revisions\/3340\/"}],"wp:attachment":[{"href":"https:\/\/www.hometrevi.com\/it\/wp-json\/wp\/v2\/media\/?parent=2169"}],"curies":[{"name":"wp","href":"https:\/\/api.w.org\/{rel}","templated":true}]}}