{"id":2814,"date":"2018-01-01T11:30:39","date_gmt":"2018-01-01T10:30:39","guid":{"rendered":"https:\/\/www.hometrevi.com\/?page_id=2814"},"modified":"2019-09-24T09:13:34","modified_gmt":"2019-09-24T07:13:34","slug":"due-persone","status":"publish","type":"page","link":"https:\/\/www.hometrevi.com\/it\/due-persone\/","title":{"rendered":"Due persone"},"content":{"rendered":"<p>[vc_row][vc_column][vc_empty_space height=&#8221;50px&#8221;][vc_column_text]Se stai cercando un <strong>appartamento in affitto a Roma<\/strong> e vuoi trascorrere due giorni romantici nella pi\u00f9 bella citt\u00e0 del mondo ma sei stanco dei soliti Hotels o desideri qualcosa di pi\u00f9 di un <em>Bed &amp; Breakfast<\/em>, allora prenditi qualche minuto per visitare il nostro sito. HOMETREVI adatta la sua struttura anche alle esigenze di solo due persone e per pochi giorni di vacanza. Quello che devi fare \u00e8 compilare il form con le tue richieste o inviarci un messaggio WhatApp, riceverai una rapida risposta con l\u2019offerta unica a te dedicata.[\/vc_column_text][vc_empty_space height=&#8221;50px&#8221;][\/vc_column][\/vc_row][vc_row][vc_column]\n<div class=\"wpcf7 no-js\" id=\"wpcf7-f2942-o1\" lang=\"en-US\" dir=\"ltr\" data-wpcf7-id=\"2942\">\n<div class=\"screen-reader-response\"><p role=\"status\" aria-live=\"polite\" aria-atomic=\"true\"><\/p> <ul><\/ul><\/div>\n<form action=\"\/it\/wp-json\/wp\/v2\/pages\/2814\/#wpcf7-f2942-o1\" method=\"post\" class=\"wpcf7-form init\" aria-label=\"Modulo di contatto\" novalidate=\"novalidate\" data-status=\"init\">\n<div style=\"display: none;\">\n<input type=\"hidden\" name=\"_wpcf7\" value=\"2942\" \/>\n<input type=\"hidden\" name=\"_wpcf7_version\" value=\"6.0.4\" \/>\n<input type=\"hidden\" name=\"_wpcf7_locale\" value=\"en_US\" \/>\n<input type=\"hidden\" name=\"_wpcf7_unit_tag\" value=\"wpcf7-f2942-o1\" \/>\n<input type=\"hidden\" name=\"_wpcf7_container_post\" value=\"0\" \/>\n<input type=\"hidden\" name=\"_wpcf7_posted_data_hash\" value=\"\" \/>\n<\/div>\n<div class=\"fleurdesel-contact\">\n\t<div class=\"row\">\n\t\t<div class=\"col-md-6\">\n\t\t\t<div class=\"text-uppercase font-700 letter-spacing-3 mb-15 fz-14\">\n\t\t\t\t<p>Nome <span class=\"error\">*<\/span>\n\t\t\t\t<\/p>\n\t\t\t<\/div>\n\t\t\t<div class=\"mb-30\">\n\t\t\t\t<p><span class=\"wpcf7-form-control-wrap\" data-name=\"your-name\"><input size=\"40\" maxlength=\"400\" class=\"wpcf7-form-control wpcf7-text wpcf7-validates-as-required\" aria-required=\"true\" aria-invalid=\"false\" value=\"\" type=\"text\" name=\"your-name\" \/><\/span>\n\t\t\t\t<\/p>\n\t\t\t<\/div>\n\t\t<\/div>\n\t\t<div class=\"col-md-6\">\n\t\t\t<div class=\"text-uppercase font-700 letter-spacing-3 mb-15 fz-14\">\n\t\t\t\t<p>Email <span class=\"error\">*<\/span>\n\t\t\t\t<\/p>\n\t\t\t<\/div>\n\t\t\t<div class=\"mb-30\">\n\t\t\t\t<p><span class=\"wpcf7-form-control-wrap\" data-name=\"your-email\"><input size=\"40\" maxlength=\"400\" class=\"wpcf7-form-control wpcf7-email wpcf7-validates-as-required wpcf7-text wpcf7-validates-as-email\" aria-required=\"true\" aria-invalid=\"false\" value=\"\" type=\"email\" name=\"your-email\" \/><\/span>\n\t\t\t\t<\/p>\n\t\t\t<\/div>\n\t\t<\/div>\n\t<\/div>\n\t<div class=\"row\">\n\t\t<div class=\"col-md-6\">\n\t\t\t<div class=\"text-uppercase font-700 letter-spacing-3 mb-15 fz-14\">\n\t\t\t\t<p>Telefono <span class=\"error\">*<\/span>\n\t\t\t\t<\/p>\n\t\t\t<\/div>\n\t\t\t<div class=\"mb-30\">\n\t\t\t\t<p><span class=\"wpcf7-form-control-wrap\" data-name=\"your-phone\"><input class=\"wpcf7-form-control wpcf7-number wpcf7-validates-as-required wpcf7-validates-as-number\" aria-required=\"true\" aria-invalid=\"false\" value=\"\" type=\"number\" name=\"your-phone\" \/><\/span>\n\t\t\t\t<\/p>\n\t\t\t<\/div>\n\t\t<\/div>\n\t\t<div class=\"col-md-6\">\n\t\t\t<div class=\"text-uppercase font-700 letter-spacing-3 mb-15 fz-14\">\n\t\t\t\t<p>Soggetto <span class=\"error\">*<\/span>\n\t\t\t\t<\/p>\n\t\t\t<\/div>\n\t\t\t<div class=\"mb-30\">\n\t\t\t\t<p><span class=\"wpcf7-form-control-wrap\" data-name=\"your-subject\"><input size=\"40\" maxlength=\"400\" class=\"wpcf7-form-control wpcf7-text wpcf7-validates-as-required\" aria-required=\"true\" aria-invalid=\"false\" value=\"\" type=\"text\" name=\"your-subject\" \/><\/span>\n\t\t\t\t<\/p>\n\t\t\t<\/div>\n\t\t<\/div>\n\t<\/div>\n\t<div class=\"row\">\n\t\t<div class=\"col-md-6\">\n\t\t\t<div class=\"text-uppercase font-700 letter-spacing-3 mb-15 fz-14\">\n\t\t\t\t<p>Numero adulti <span class=\"error\">*<\/span>\n\t\t\t\t<\/p>\n\t\t\t<\/div>\n\t\t\t<div class=\"mb-30\">\n\t\t\t\t<p><span class=\"wpcf7-form-control-wrap\" data-name=\"Number-of-Adult\"><input class=\"wpcf7-form-control wpcf7-number wpcf7-validates-as-required wpcf7-validates-as-number\" aria-required=\"true\" aria-invalid=\"false\" value=\"\" type=\"number\" name=\"Number-of-Adult\" \/><\/span>\n\t\t\t\t<\/p>\n\t\t\t<\/div>\n\t\t<\/div>\n\t\t<div class=\"col-md-6\">\n\t\t\t<div class=\"text-uppercase font-700 letter-spacing-3 mb-15 fz-14\">\n\t\t\t\t<p>Bambini <span class=\"error\">*<\/span>\n\t\t\t\t<\/p>\n\t\t\t<\/div>\n\t\t\t<div class=\"mb-30\">\n\t\t\t\t<p><span class=\"wpcf7-form-control-wrap\" data-name=\"Number-of-child\"><input class=\"wpcf7-form-control wpcf7-number wpcf7-validates-as-required wpcf7-validates-as-number\" aria-required=\"true\" aria-invalid=\"false\" value=\"\" type=\"number\" name=\"Number-of-child\" \/><\/span>\n\t\t\t\t<\/p>\n\t\t\t<\/div>\n\t\t<\/div>\n\t<\/div>\n\t<div class=\"row\">\n\t\t<div class=\"col-md-6\">\n\t\t\t<div class=\"text-uppercase font-700 letter-spacing-3 mb-15 fz-14\">\n\t\t\t\t<p>Periodo da <span class=\"error\">*<\/span>\n\t\t\t\t<\/p>\n\t\t\t<\/div>\n\t\t\t<div class=\"mb-30\">\n\t\t\t\t<p><span class=\"wpcf7-form-control-wrap\" data-name=\"date-84\"><input class=\"wpcf7-form-control wpcf7-date wpcf7-validates-as-date\" aria-invalid=\"false\" value=\"\" type=\"date\" name=\"date-84\" \/><\/span>\n\t\t\t\t<\/p>\n\t\t\t<\/div>\n\t\t<\/div>\n\t\t<div class=\"col-md-6\">\n\t\t\t<div class=\"text-uppercase font-700 letter-spacing-3 mb-15 fz-14\">\n\t\t\t\t<p>A <span class=\"error\">*<\/span>\n\t\t\t\t<\/p>\n\t\t\t<\/div>\n\t\t\t<div class=\"mb-30\">\n\t\t\t\t<p><span class=\"wpcf7-form-control-wrap\" data-name=\"date-703\"><input class=\"wpcf7-form-control wpcf7-date wpcf7-validates-as-date\" aria-invalid=\"false\" value=\"\" type=\"date\" name=\"date-703\" \/><\/span>\n\t\t\t\t<\/p>\n\t\t\t<\/div>\n\t\t<\/div>\n\t<\/div>\n\t<div class=\"row\">\n\t\t<div class=\"col-md-12\">\n\t\t\t<div class=\"text-uppercase font-700 letter-spacing-3 mb-15 fz-14\">\n\t\t\t\t<p>Messaggio <span class=\"error\">*<\/span>\n\t\t\t\t<\/p>\n\t\t\t<\/div>\n\t\t\t<div class=\"mb-50\">\n\t\t\t\t<p><span class=\"wpcf7-form-control-wrap\" data-name=\"your-message\"><textarea cols=\"40\" rows=\"4\" maxlength=\"2000\" class=\"wpcf7-form-control wpcf7-textarea wpcf7-validates-as-required\" aria-required=\"true\" aria-invalid=\"false\" name=\"your-message\"><\/textarea><\/span>\n\t\t\t\t<\/p>\n\t\t\t<\/div>\n\t\t<\/div>\n\t<\/div>\n\t<div class=\"row\">\n\t\t<div class=\"col-md-12\">\n\t\t\t<div class=\"mb-0\">\n\t\t\t\t<p><input class=\"wpcf7-form-control wpcf7-submit has-spinner btn btn-view btn-primary text-uppercase fz-14 font-700 btn-w185\" type=\"submit\" value=\"Submit\" \/>\n\t\t\t\t<\/p>\n\t\t\t<\/div>\n\t\t<\/div>\n\t<\/div>\n<\/div><div class=\"wpcf7-response-output\" aria-hidden=\"true\"><\/div>\n<\/form>\n<\/div>\n[vc_empty_space height=&#8221;50px&#8221;][\/vc_column][\/vc_row][vc_row][vc_column][vc_basic_grid post_type=&#8221;page&#8221; max_items=&#8221;2&#8243; element_width=&#8221;6&#8243; grid_id=&#8221;vc_gid:1569309203403-3da0fa23-facd-7&#8243; taxonomies=&#8221;102, 103&#8243;][\/vc_column][\/vc_row]<\/p>\n","protected":false},"excerpt":{"rendered":"<p>[vc_row][vc_column][vc_empty_space height=&#8221;50px&#8221;][vc_column_text]Se stai cercando un appartamento in affitto a Roma e vuoi trascorrere due giorni romantici nella pi\u00f9 bella citt\u00e0 del mondo ma sei stanco dei soliti Hotels o desideri qualcosa di pi\u00f9 di un Bed &amp; Breakfast, allora prenditi qualche minuto per visitare il nostro sito. HOMETREVI adatta la sua struttura anche alle esigenze [&hellip;]<\/p>\n","protected":false},"author":1,"featured_media":2102,"parent":0,"menu_order":0,"comment_status":"closed","ping_status":"closed","template":"templates\/page-builder.php","meta":{"footnotes":""},"class_list":["post-2814","page","type-page","status-publish","has-post-thumbnail","hentry"],"yoast_head":"<!-- This site is optimized with the Yoast SEO plugin v24.4 - https:\/\/yoast.com\/wordpress\/plugins\/seo\/ -->\n<title>Due persone - home-trevi<\/title>\n<meta name=\"robots\" content=\"index, follow, max-snippet:-1, max-image-preview:large, max-video-preview:-1\" \/>\n<link rel=\"canonical\" href=\"https:\/\/www.hometrevi.com\/it\/due-persone\/\" \/>\n<meta property=\"og:locale\" content=\"it_IT\" \/>\n<meta property=\"og:type\" content=\"article\" \/>\n<meta property=\"og:title\" content=\"Due persone - home-trevi\" \/>\n<meta property=\"og:description\" content=\"[vc_row][vc_column][vc_empty_space height=&#8221;50px&#8221;][vc_column_text]Se stai cercando un appartamento in affitto a Roma e vuoi trascorrere due giorni romantici nella pi\u00f9 bella citt\u00e0 del mondo ma sei stanco dei soliti Hotels o desideri qualcosa di pi\u00f9 di un Bed &amp; Breakfast, allora prenditi qualche minuto per visitare il nostro sito. HOMETREVI adatta la sua struttura anche alle esigenze [&hellip;]\" \/>\n<meta property=\"og:url\" content=\"https:\/\/www.hometrevi.com\/it\/due-persone\/\" \/>\n<meta property=\"og:site_name\" content=\"home-trevi\" \/>\n<meta property=\"article:modified_time\" content=\"2019-09-24T07:13:34+00:00\" \/>\n<meta property=\"og:image\" content=\"https:\/\/www.hometrevi.com\/wp-content\/uploads\/2019\/02\/home-trevi-slide-02.jpg\" \/>\n\t<meta property=\"og:image:width\" content=\"1920\" \/>\n\t<meta property=\"og:image:height\" content=\"800\" \/>\n\t<meta property=\"og:image:type\" content=\"image\/jpeg\" \/>\n<meta name=\"twitter:card\" content=\"summary_large_image\" \/>\n<meta name=\"twitter:label1\" content=\"Tempo di lettura stimato\" \/>\n\t<meta name=\"twitter:data1\" content=\"1 minuto\" \/>\n<script type=\"application\/ld+json\" class=\"yoast-schema-graph\">{\"@context\":\"https:\/\/schema.org\",\"@graph\":[{\"@type\":\"WebPage\",\"@id\":\"https:\/\/www.hometrevi.com\/it\/due-persone\/\",\"url\":\"https:\/\/www.hometrevi.com\/it\/due-persone\/\",\"name\":\"Due persone - home-trevi\",\"isPartOf\":{\"@id\":\"https:\/\/www.hometrevi.com\/en\/#website\"},\"primaryImageOfPage\":{\"@id\":\"https:\/\/www.hometrevi.com\/it\/due-persone\/#primaryimage\"},\"image\":{\"@id\":\"https:\/\/www.hometrevi.com\/it\/due-persone\/#primaryimage\"},\"thumbnailUrl\":\"https:\/\/www.hometrevi.com\/wp-content\/uploads\/2019\/02\/home-trevi-slide-02.jpg\",\"datePublished\":\"2018-01-01T10:30:39+00:00\",\"dateModified\":\"2019-09-24T07:13:34+00:00\",\"breadcrumb\":{\"@id\":\"https:\/\/www.hometrevi.com\/it\/due-persone\/#breadcrumb\"},\"inLanguage\":\"it-IT\",\"potentialAction\":[{\"@type\":\"ReadAction\",\"target\":[\"https:\/\/www.hometrevi.com\/it\/due-persone\/\"]}]},{\"@type\":\"ImageObject\",\"inLanguage\":\"it-IT\",\"@id\":\"https:\/\/www.hometrevi.com\/it\/due-persone\/#primaryimage\",\"url\":\"https:\/\/www.hometrevi.com\/wp-content\/uploads\/2019\/02\/home-trevi-slide-02.jpg\",\"contentUrl\":\"https:\/\/www.hometrevi.com\/wp-content\/uploads\/2019\/02\/home-trevi-slide-02.jpg\",\"width\":1920,\"height\":800,\"caption\":\"roma-casa-trevi\"},{\"@type\":\"BreadcrumbList\",\"@id\":\"https:\/\/www.hometrevi.com\/it\/due-persone\/#breadcrumb\",\"itemListElement\":[{\"@type\":\"ListItem\",\"position\":1,\"name\":\"Home\",\"item\":\"https:\/\/www.hometrevi.com\/it\/\"},{\"@type\":\"ListItem\",\"position\":2,\"name\":\"Due persone\"}]},{\"@type\":\"WebSite\",\"@id\":\"https:\/\/www.hometrevi.com\/en\/#website\",\"url\":\"https:\/\/www.hometrevi.com\/en\/\",\"name\":\"home-trevi\",\"description\":\"Casa Vacanze Home Trevi\",\"potentialAction\":[{\"@type\":\"SearchAction\",\"target\":{\"@type\":\"EntryPoint\",\"urlTemplate\":\"https:\/\/www.hometrevi.com\/en\/?s={search_term_string}\"},\"query-input\":{\"@type\":\"PropertyValueSpecification\",\"valueRequired\":true,\"valueName\":\"search_term_string\"}}],\"inLanguage\":\"it-IT\"}]}<\/script>\n<!-- \/ Yoast SEO plugin. -->","yoast_head_json":{"title":"Due persone - home-trevi","robots":{"index":"index","follow":"follow","max-snippet":"max-snippet:-1","max-image-preview":"max-image-preview:large","max-video-preview":"max-video-preview:-1"},"canonical":"https:\/\/www.hometrevi.com\/it\/due-persone\/","og_locale":"it_IT","og_type":"article","og_title":"Due persone - home-trevi","og_description":"[vc_row][vc_column][vc_empty_space height=&#8221;50px&#8221;][vc_column_text]Se stai cercando un appartamento in affitto a Roma e vuoi trascorrere due giorni romantici nella pi\u00f9 bella citt\u00e0 del mondo ma sei stanco dei soliti Hotels o desideri qualcosa di pi\u00f9 di un Bed &amp; Breakfast, allora prenditi qualche minuto per visitare il nostro sito. HOMETREVI adatta la sua struttura anche alle esigenze [&hellip;]","og_url":"https:\/\/www.hometrevi.com\/it\/due-persone\/","og_site_name":"home-trevi","article_modified_time":"2019-09-24T07:13:34+00:00","og_image":[{"width":1920,"height":800,"url":"https:\/\/www.hometrevi.com\/wp-content\/uploads\/2019\/02\/home-trevi-slide-02.jpg","type":"image\/jpeg"}],"twitter_card":"summary_large_image","twitter_misc":{"Tempo di lettura stimato":"1 minuto"},"schema":{"@context":"https:\/\/schema.org","@graph":[{"@type":"WebPage","@id":"https:\/\/www.hometrevi.com\/it\/due-persone\/","url":"https:\/\/www.hometrevi.com\/it\/due-persone\/","name":"Due persone - home-trevi","isPartOf":{"@id":"https:\/\/www.hometrevi.com\/en\/#website"},"primaryImageOfPage":{"@id":"https:\/\/www.hometrevi.com\/it\/due-persone\/#primaryimage"},"image":{"@id":"https:\/\/www.hometrevi.com\/it\/due-persone\/#primaryimage"},"thumbnailUrl":"https:\/\/www.hometrevi.com\/wp-content\/uploads\/2019\/02\/home-trevi-slide-02.jpg","datePublished":"2018-01-01T10:30:39+00:00","dateModified":"2019-09-24T07:13:34+00:00","breadcrumb":{"@id":"https:\/\/www.hometrevi.com\/it\/due-persone\/#breadcrumb"},"inLanguage":"it-IT","potentialAction":[{"@type":"ReadAction","target":["https:\/\/www.hometrevi.com\/it\/due-persone\/"]}]},{"@type":"ImageObject","inLanguage":"it-IT","@id":"https:\/\/www.hometrevi.com\/it\/due-persone\/#primaryimage","url":"https:\/\/www.hometrevi.com\/wp-content\/uploads\/2019\/02\/home-trevi-slide-02.jpg","contentUrl":"https:\/\/www.hometrevi.com\/wp-content\/uploads\/2019\/02\/home-trevi-slide-02.jpg","width":1920,"height":800,"caption":"roma-casa-trevi"},{"@type":"BreadcrumbList","@id":"https:\/\/www.hometrevi.com\/it\/due-persone\/#breadcrumb","itemListElement":[{"@type":"ListItem","position":1,"name":"Home","item":"https:\/\/www.hometrevi.com\/it\/"},{"@type":"ListItem","position":2,"name":"Due persone"}]},{"@type":"WebSite","@id":"https:\/\/www.hometrevi.com\/en\/#website","url":"https:\/\/www.hometrevi.com\/en\/","name":"home-trevi","description":"Casa Vacanze Home Trevi","potentialAction":[{"@type":"SearchAction","target":{"@type":"EntryPoint","urlTemplate":"https:\/\/www.hometrevi.com\/en\/?s={search_term_string}"},"query-input":{"@type":"PropertyValueSpecification","valueRequired":true,"valueName":"search_term_string"}}],"inLanguage":"it-IT"}]}},"_links":{"self":[{"href":"https:\/\/www.hometrevi.com\/it\/wp-json\/wp\/v2\/pages\/2814\/"}],"collection":[{"href":"https:\/\/www.hometrevi.com\/it\/wp-json\/wp\/v2\/pages\/"}],"about":[{"href":"https:\/\/www.hometrevi.com\/it\/wp-json\/wp\/v2\/types\/page\/"}],"author":[{"embeddable":true,"href":"https:\/\/www.hometrevi.com\/it\/wp-json\/wp\/v2\/users\/1\/"}],"replies":[{"embeddable":true,"href":"https:\/\/www.hometrevi.com\/it\/wp-json\/wp\/v2\/comments\/?post=2814"}],"version-history":[{"count":1,"href":"https:\/\/www.hometrevi.com\/it\/wp-json\/wp\/v2\/pages\/2814\/revisions\/"}],"predecessor-version":[{"id":3333,"href":"https:\/\/www.hometrevi.com\/it\/wp-json\/wp\/v2\/pages\/2814\/revisions\/3333\/"}],"wp:featuredmedia":[{"embeddable":true,"href":"https:\/\/www.hometrevi.com\/it\/wp-json\/wp\/v2\/media\/2102\/"}],"wp:attachment":[{"href":"https:\/\/www.hometrevi.com\/it\/wp-json\/wp\/v2\/media\/?parent=2814"}],"curies":[{"name":"wp","href":"https:\/\/api.w.org\/{rel}","templated":true}]}}